{"id":195,"date":"2020-05-06T20:31:11","date_gmt":"2020-05-06T20:31:11","guid":{"rendered":"https:\/\/budgetinsurancewintergarden.com\/?page_id=195"},"modified":"2025-06-03T14:52:30","modified_gmt":"2025-06-03T14:52:30","slug":"business","status":"publish","type":"page","link":"https:\/\/budgetinsurancewintergarden.com\/es\/business\/","title":{"rendered":"Business"},"content":{"rendered":"<p>Las oficinas de Budget Insurance emiten seguros comerciales para empresas de diversos sectores, incluyendo, entre otros, instaladores de alfombras y pisos, servicios de limpieza, pintores, paisajistas, carpinteros, personal de mantenimiento e instaladores de entradas de veh\u00edculos y adoquines, entre muchos otros. Independientemente de las necesidades espec\u00edficas de seguro de su negocio e industria, le ayudaremos a encontrar las tarifas m\u00e1s asequibles y a personalizar su paquete para que se ajuste a sus necesidades.<\/p>\n\n\n\n<p>Adem\u00e1s, ofrecemos seguros de auto para empresas para proteger su empresa y su flota. Anteriormente, hemos suscrito seguros de auto para empresas de diversos tipos, incluyendo, entre otros, contratistas, carpinteros, plomeros, electricistas, paisajistas, iglesias y organizaciones religiosas. Tambi\u00e9n hemos suscrito seguros de auto para consultores, agentes inmobiliarios, agricultores, vendedores de food trucks y programas de flotas, entre muchos otros.<\/p>\n\n\n\n<h2 class=\"wp-block-heading\">Consulte algunas de las coberturas comerciales espec\u00edficas que podemos escribir para su empresa:<\/h2>\n\n\n\n<div class=\"wp-block-columns is-layout-flex wp-container-core-columns-is-layout-9d6595d7 wp-block-columns-is-layout-flex\">\n<div class=\"wp-block-column is-layout-flow wp-block-column-is-layout-flow\">\n<ul id=\"block-a3f424d8-cbd5-431c-9e1a-428959a74f2b\" class=\"wp-block-list\">\n<li>Riesgos de seguros automotrices comerciales de Monoline<\/li>\n\n\n\n<li>Riesgos que requieren paquetes personalizados<\/li>\n\n\n\n<li>Empresas de nueva creaci\u00f3n<\/li>\n\n\n\n<li>Cualquier responsabilidad del autom\u00f3vil<\/li>\n\n\n\n<li>Responsabilidad civil por autom\u00f3vil alquilado<\/li>\n<\/ul>\n<\/div>\n\n\n\n<div class=\"wp-block-column is-layout-flow wp-block-column-is-layout-flow\">\n<ul id=\"block-5aea77d8-7689-4df2-ba99-f60326a3bf0b\" class=\"wp-block-list\">\n<li>Responsabilidad del empleador por no ser propietario<\/li>\n\n\n\n<li>Responsabilidad civil por conducir otros veh\u00edculos<\/li>\n\n\n\n<li>Asistencia en carretera<\/li>\n\n\n\n<li>Reembolso de alquiler<\/li>\n<\/ul>\n<\/div>\n<\/div>\n\n\n\n<p>Trabajamos con empresas en toda la zona de Winter Garden y el condado de Orange, incluyendo clientes en Ocoee, Clermont, Groveland, Mascotte, Gotha y Orlando. Como agencia de seguros independiente, representamos a 12 aseguradoras, por lo que compararemos precios para ofrecerle la mejor p\u00f3liza de seguro comercial personalizada a precios accesibles.<\/p>\n\n\n\n<p>Si desea obtener m\u00e1s informaci\u00f3n sobre c\u00f3mo Budget Insurance Offices puede ayudarlo a encontrar el paquete de seguro comercial adecuado, comun\u00edquese con Budget Insurance Offices.<\/p>","protected":false},"excerpt":{"rendered":"<p>Las oficinas de Budget Insurance emiten seguros comerciales para empresas de diversos sectores, incluyendo, entre otros, instaladores de alfombras y pisos, servicios de limpieza, pintores, paisajistas, carpinteros, personal de mantenimiento e instaladores de entradas de veh\u00edculos y adoquines, entre muchos otros. Independientemente de las necesidades espec\u00edficas de seguro de su negocio e industria, le ayudaremos&#8230;  <a class=\"excerpt-read-more\" href=\"https:\/\/budgetinsurancewintergarden.com\/es\/business\/\" title=\"Read Business\">Read more &raquo;<\/a><\/p>","protected":false},"author":1,"featured_media":0,"parent":0,"menu_order":0,"comment_status":"closed","ping_status":"closed","template":"","meta":{"footnotes":""},"class_list":["post-195","page","type-page","status-publish"],"yoast_head":"<!-- This site is optimized with the Yoast SEO plugin v27.4 - https:\/\/yoast.com\/product\/yoast-seo-wordpress\/ -->\n<title>Cobertura de seguros comerciales y empresariales en Inverness, Florida | Budget Insurance Offices, Inc.<\/title>\n<meta name=\"description\" content=\"Obtenga un seguro comercial a medida para cualquier sector, incluyendo instaladores de alfombras, servicios de limpieza, pintores, paisajistas y m\u00e1s. Tambi\u00e9n ofrecemos seguros de auto para contratistas, plomeros, electricistas, iglesias y vendedores de food trucks.\" \/>\n<meta name=\"robots\" content=\"index, follow, max-snippet:-1, max-image-preview:large, max-video-preview:-1\" \/>\n<link rel=\"canonical\" href=\"https:\/\/budgetinsurancewintergarden.com\/es\/business\/\" \/>\n<meta property=\"og:locale\" content=\"es_MX\" \/>\n<meta property=\"og:type\" content=\"article\" \/>\n<meta property=\"og:title\" content=\"Cobertura de seguros comerciales y empresariales en Inverness, Florida | Budget Insurance Offices, Inc.\" \/>\n<meta property=\"og:description\" content=\"Obtenga un seguro comercial a medida para cualquier sector, incluyendo instaladores de alfombras, servicios de limpieza, pintores, paisajistas y m\u00e1s. Tambi\u00e9n ofrecemos seguros de auto para contratistas, plomeros, electricistas, iglesias y vendedores de food trucks.\" \/>\n<meta property=\"og:url\" content=\"https:\/\/budgetinsurancewintergarden.com\/es\/business\/\" \/>\n<meta property=\"og:site_name\" content=\"Budget Insurance Offices, Inc.\" \/>\n<meta property=\"article:modified_time\" content=\"2025-06-03T14:52:30+00:00\" \/>\n<meta name=\"twitter:card\" content=\"summary_large_image\" \/>\n<meta name=\"twitter:label1\" content=\"Tiempo de lectura\" \/>\n\t<meta name=\"twitter:data1\" content=\"2 minutos\" \/>\n<script type=\"application\/ld+json\" class=\"yoast-schema-graph\">{\"@context\":\"https:\\\/\\\/schema.org\",\"@graph\":[{\"@type\":\"WebPage\",\"@id\":\"https:\\\/\\\/budgetinsurancewintergarden.com\\\/business\\\/\",\"url\":\"https:\\\/\\\/budgetinsurancewintergarden.com\\\/business\\\/\",\"name\":\"Cobertura de seguros comerciales y empresariales en Inverness, Florida | Budget Insurance Offices, Inc.\",\"isPartOf\":{\"@id\":\"https:\\\/\\\/budgetinsurancewintergarden.com\\\/#website\"},\"datePublished\":\"2020-05-06T20:31:11+00:00\",\"dateModified\":\"2025-06-03T14:52:30+00:00\",\"description\":\"Obtenga un seguro comercial a medida para cualquier sector, incluyendo instaladores de alfombras, servicios de limpieza, pintores, paisajistas y m\u00e1s. Tambi\u00e9n ofrecemos seguros de auto para contratistas, plomeros, electricistas, iglesias y vendedores de food trucks.\",\"breadcrumb\":{\"@id\":\"https:\\\/\\\/budgetinsurancewintergarden.com\\\/business\\\/#breadcrumb\"},\"inLanguage\":\"es\",\"potentialAction\":[{\"@type\":\"ReadAction\",\"target\":[\"https:\\\/\\\/budgetinsurancewintergarden.com\\\/business\\\/\"]}]},{\"@type\":\"BreadcrumbList\",\"@id\":\"https:\\\/\\\/budgetinsurancewintergarden.com\\\/business\\\/#breadcrumb\",\"itemListElement\":[{\"@type\":\"ListItem\",\"position\":1,\"name\":\"Home\",\"item\":\"https:\\\/\\\/budgetinsurancewintergarden.com\\\/\"},{\"@type\":\"ListItem\",\"position\":2,\"name\":\"Business\"}]},{\"@type\":\"WebSite\",\"@id\":\"https:\\\/\\\/budgetinsurancewintergarden.com\\\/#website\",\"url\":\"https:\\\/\\\/budgetinsurancewintergarden.com\\\/\",\"name\":\"Budget Insurance Offices, Inc.\",\"description\":\"\",\"publisher\":{\"@id\":\"https:\\\/\\\/budgetinsurancewintergarden.com\\\/#organization\"},\"potentialAction\":[{\"@type\":\"SearchAction\",\"target\":{\"@type\":\"EntryPoint\",\"urlTemplate\":\"https:\\\/\\\/budgetinsurancewintergarden.com\\\/?s={search_term_string}\"},\"query-input\":{\"@type\":\"PropertyValueSpecification\",\"valueRequired\":true,\"valueName\":\"search_term_string\"}}],\"inLanguage\":\"es\"},{\"@type\":\"Organization\",\"@id\":\"https:\\\/\\\/budgetinsurancewintergarden.com\\\/#organization\",\"name\":\"Budget Insurance Offices, Inc.\",\"url\":\"https:\\\/\\\/budgetinsurancewintergarden.com\\\/\",\"logo\":{\"@type\":\"ImageObject\",\"inLanguage\":\"es\",\"@id\":\"https:\\\/\\\/budgetinsurancewintergarden.com\\\/#\\\/schema\\\/logo\\\/image\\\/\",\"url\":\"https:\\\/\\\/budgetinsurancewintergarden.com\\\/wp-content\\\/uploads\\\/2020\\\/04\\\/Budget-Logo.png\",\"contentUrl\":\"https:\\\/\\\/budgetinsurancewintergarden.com\\\/wp-content\\\/uploads\\\/2020\\\/04\\\/Budget-Logo.png\",\"width\":2278,\"height\":369,\"caption\":\"Budget Insurance Offices, Inc.\"},\"image\":{\"@id\":\"https:\\\/\\\/budgetinsurancewintergarden.com\\\/#\\\/schema\\\/logo\\\/image\\\/\"}}]}<\/script>\n<!-- \/ Yoast SEO plugin. -->","yoast_head_json":{"title":"Cobertura de seguros comerciales y empresariales en Inverness, Florida | Budget Insurance Offices, Inc.","description":"Obtenga un seguro comercial a medida para cualquier sector, incluyendo instaladores de alfombras, servicios de limpieza, pintores, paisajistas y m\u00e1s. Tambi\u00e9n ofrecemos seguros de auto para contratistas, plomeros, electricistas, iglesias y vendedores de food trucks.","robots":{"index":"index","follow":"follow","max-snippet":"max-snippet:-1","max-image-preview":"max-image-preview:large","max-video-preview":"max-video-preview:-1"},"canonical":"https:\/\/budgetinsurancewintergarden.com\/es\/business\/","og_locale":"es_MX","og_type":"article","og_title":"Cobertura de seguros comerciales y empresariales en Inverness, Florida | Budget Insurance Offices, Inc.","og_description":"Obtenga un seguro comercial a medida para cualquier sector, incluyendo instaladores de alfombras, servicios de limpieza, pintores, paisajistas y m\u00e1s. Tambi\u00e9n ofrecemos seguros de auto para contratistas, plomeros, electricistas, iglesias y vendedores de food trucks.","og_url":"https:\/\/budgetinsurancewintergarden.com\/es\/business\/","og_site_name":"Budget Insurance Offices, Inc.","article_modified_time":"2025-06-03T14:52:30+00:00","twitter_card":"summary_large_image","twitter_misc":{"Tiempo de lectura":"2 minutos"},"schema":{"@context":"https:\/\/schema.org","@graph":[{"@type":"WebPage","@id":"https:\/\/budgetinsurancewintergarden.com\/business\/","url":"https:\/\/budgetinsurancewintergarden.com\/business\/","name":"Cobertura de seguros comerciales y empresariales en Inverness, Florida | Budget Insurance Offices, Inc.","isPartOf":{"@id":"https:\/\/budgetinsurancewintergarden.com\/#website"},"datePublished":"2020-05-06T20:31:11+00:00","dateModified":"2025-06-03T14:52:30+00:00","description":"Obtenga un seguro comercial a medida para cualquier sector, incluyendo instaladores de alfombras, servicios de limpieza, pintores, paisajistas y m\u00e1s. Tambi\u00e9n ofrecemos seguros de auto para contratistas, plomeros, electricistas, iglesias y vendedores de food trucks.","breadcrumb":{"@id":"https:\/\/budgetinsurancewintergarden.com\/business\/#breadcrumb"},"inLanguage":"es","potentialAction":[{"@type":"ReadAction","target":["https:\/\/budgetinsurancewintergarden.com\/business\/"]}]},{"@type":"BreadcrumbList","@id":"https:\/\/budgetinsurancewintergarden.com\/business\/#breadcrumb","itemListElement":[{"@type":"ListItem","position":1,"name":"Home","item":"https:\/\/budgetinsurancewintergarden.com\/"},{"@type":"ListItem","position":2,"name":"Business"}]},{"@type":"WebSite","@id":"https:\/\/budgetinsurancewintergarden.com\/#website","url":"https:\/\/budgetinsurancewintergarden.com\/","name":"Budget Insurance Offices, Inc.","description":"","publisher":{"@id":"https:\/\/budgetinsurancewintergarden.com\/#organization"},"potentialAction":[{"@type":"SearchAction","target":{"@type":"EntryPoint","urlTemplate":"https:\/\/budgetinsurancewintergarden.com\/?s={search_term_string}"},"query-input":{"@type":"PropertyValueSpecification","valueRequired":true,"valueName":"search_term_string"}}],"inLanguage":"es"},{"@type":"Organization","@id":"https:\/\/budgetinsurancewintergarden.com\/#organization","name":"Budget Insurance Offices, Inc.","url":"https:\/\/budgetinsurancewintergarden.com\/","logo":{"@type":"ImageObject","inLanguage":"es","@id":"https:\/\/budgetinsurancewintergarden.com\/#\/schema\/logo\/image\/","url":"https:\/\/budgetinsurancewintergarden.com\/wp-content\/uploads\/2020\/04\/Budget-Logo.png","contentUrl":"https:\/\/budgetinsurancewintergarden.com\/wp-content\/uploads\/2020\/04\/Budget-Logo.png","width":2278,"height":369,"caption":"Budget Insurance Offices, Inc."},"image":{"@id":"https:\/\/budgetinsurancewintergarden.com\/#\/schema\/logo\/image\/"}}]}},"_links":{"self":[{"href":"https:\/\/budgetinsurancewintergarden.com\/es\/wp-json\/wp\/v2\/pages\/195","targetHints":{"allow":["GET"]}}],"collection":[{"href":"https:\/\/budgetinsurancewintergarden.com\/es\/wp-json\/wp\/v2\/pages"}],"about":[{"href":"https:\/\/budgetinsurancewintergarden.com\/es\/wp-json\/wp\/v2\/types\/page"}],"author":[{"embeddable":true,"href":"https:\/\/budgetinsurancewintergarden.com\/es\/wp-json\/wp\/v2\/users\/1"}],"replies":[{"embeddable":true,"href":"https:\/\/budgetinsurancewintergarden.com\/es\/wp-json\/wp\/v2\/comments?post=195"}],"version-history":[{"count":6,"href":"https:\/\/budgetinsurancewintergarden.com\/es\/wp-json\/wp\/v2\/pages\/195\/revisions"}],"predecessor-version":[{"id":830,"href":"https:\/\/budgetinsurancewintergarden.com\/es\/wp-json\/wp\/v2\/pages\/195\/revisions\/830"}],"wp:attachment":[{"href":"https:\/\/budgetinsurancewintergarden.com\/es\/wp-json\/wp\/v2\/media?parent=195"}],"curies":[{"name":"wp","href":"https:\/\/api.w.org\/{rel}","templated":true}]}}