{"id":189,"date":"2020-05-06T19:54:51","date_gmt":"2020-05-06T19:54:51","guid":{"rendered":"https:\/\/budgetinsurancewintergarden.com\/?page_id=189"},"modified":"2024-07-17T13:29:39","modified_gmt":"2024-07-17T13:29:39","slug":"motorcycle","status":"publish","type":"page","link":"https:\/\/budgetinsurancewintergarden.com\/es\/motorcycle\/","title":{"rendered":"Motocicletas"},"content":{"rendered":"<p>La paz y serenidad que deviene al recorrer el Estado del Sol en su motocicleta es algo incomparable. Sin embargo, usted querra montar su moto con paz mental sabiendo que est\u00e1 correctamente asegurado.<\/p>\n\n\n\n<p>En este momento es que Budget Insurance Offices le puede ayudar. Ofrecemos seguros para motocicletas a clientes de las \u00e1reas de Winter Garden y el condado Orange, incluyendo los clientes de Ocoee, Clermont, Groveland, Mascotte, Gotha y Orlando. Eche una ojeada a los diferentes tipos de motocicletas para las cuales escribimos seguros:<\/p>\n\n\n\n<h2 class=\"wp-block-heading\">The Types of Vehicles We Write Insurance For<\/h2>\n\n\n\n<div class=\"wp-block-columns is-layout-flex wp-container-core-columns-is-layout-9d6595d7 wp-block-columns-is-layout-flex\">\n<div class=\"wp-block-column is-layout-flow wp-block-column-is-layout-flow\">\n<ul class=\"wp-block-list\" id=\"block-7fa1aaaf-1450-4669-99c3-842947f3b9ea\">\n<li>Motocicleta Crucero<\/li>\n\n\n\n<li>Motos antiguas (m\u00e1s de 30 a\u00f1os)<\/li>\n\n\n\n<li>Motos personalizados (Custom)<\/li>\n\n\n\n<li>Motos de alto rendimiento<\/li>\n\n\n\n<li>Motos de tres ruedas<\/li>\n\n\n\n<li>Ciclomotores (Mopeds)<\/li>\n<\/ul>\n<\/div>\n\n\n\n<div class=\"wp-block-column is-layout-flow wp-block-column-is-layout-flow\">\n<ul class=\"wp-block-list\" id=\"block-7fa1aaaf-1450-4669-99c3-842947f3b9ea\">\n<li>Motoneta o scooters<\/li>\n\n\n\n<li>Veh\u00edculos todo terreno (ATV<\/li>\n\n\n\n<li>Segways<\/li>\n\n\n\n<li>Carros de Golf<\/li>\n\n\n\n<li>Remolques de transporte (trailers)<\/li>\n\n\n\n<li>Veh\u00edculos para la arena (Dune Buggies)<\/li>\n<\/ul>\n<\/div>\n<\/div>\n\n\n\n<p>A\u00fan m\u00e1s, podemos proveerle con todo tipo de cobertura que cumpla con sus especificaciones exactos, incluyendo las siguientes:<\/p>\n\n\n\n<h2 class=\"wp-block-heading\">The Types of Available Coverages<\/h2>\n\n\n\n<div class=\"wp-block-columns is-layout-flex wp-container-core-columns-is-layout-9d6595d7 wp-block-columns-is-layout-flex\">\n<div class=\"wp-block-column is-layout-flow wp-block-column-is-layout-flow\">\n<ul class=\"wp-block-list\" id=\"block-7b803854-2b5e-4eba-b03d-93ec924d1abc\">\n<li>Cobertura para responsibilidad<\/li>\n\n\n\n<li>Cobertura para cascos protectores<\/li>\n\n\n\n<li>Cobertura para ropa de protecci\u00f3n<\/li>\n\n\n\n<li>Cobertura para excursi\u00f3n de diversi\u00f3n<\/li>\n\n\n\n<li>Cobertura para equipo opcional<\/li>\n<\/ul>\n<\/div>\n\n\n\n<div class=\"wp-block-column is-layout-flow wp-block-column-is-layout-flow\">\n<ul class=\"wp-block-list\" id=\"block-97219cc9-309e-4f78-994b-908d103aa1bb\">\n<li>Cobertura \u201cplus\u201d para su veh\u00edculo (usando partes orginales)<\/li>\n\n\n\n<li>Cobertura para servicio de gr\u00faa<\/li>\n\n\n\n<li>Cobertura para servicio de gr\u00faa Y asistencia de carretera<\/li>\n\n\n\n<li>Coberta de costo de reemplazo<\/li>\n<\/ul>\n<\/div>\n<\/div>\n\n\n\n<p>Sin lugar a dudas, todos los due\u00f1os de motocicletas desean p\u00f3lizas de seguro que les provean paz mental pero tambi\u00e9n desean un precio acorde a sus presupuestos. Una forma de lograr un buen precio es provechar todos los descuentos disponibles y nuestros especialistas de seguros le pueden ayudar a obtenerlos. Eche un vistazo a algunos ejemplos de descuentos a continuaci\u00f3n:<\/p>\n\n\n\n<h2 class=\"wp-block-heading\">Descuentos Disponibles&nbsp;<\/h2>\n\n\n\n<div class=\"wp-block-columns is-layout-flex wp-container-core-columns-is-layout-9d6595d7 wp-block-columns-is-layout-flex\">\n<div class=\"wp-block-column is-layout-flow wp-block-column-is-layout-flow\">\n<ul class=\"wp-block-list\" id=\"block-e22c8d09-d5be-4ef5-9051-b880b9291f68\">\n<li>Safe Driver Discount<\/li>\n\n\n\n<li>Preferred Operator Discount<\/li>\n\n\n\n<li>Motorcycle Safety Course Discount<\/li>\n\n\n\n<li>Motorcycle Safety Course Instructor Discount<\/li>\n\n\n\n<li>Multi-vehicle Discount<\/li>\n\n\n\n<li>Prior Insurance Discount<\/li>\n<\/ul>\n<\/div>\n\n\n\n<div class=\"wp-block-column is-layout-flow wp-block-column-is-layout-flow\">\n<ul class=\"wp-block-list\" id=\"block-e22c8d09-d5be-4ef5-9051-b880b9291f68\">\n<li>Airbags Discount<\/li>\n\n\n\n<li>Anti-lock Brakes Discount<\/li>\n\n\n\n<li>Renewal Discount<\/li>\n\n\n\n<li>Multi-policy Discount<\/li>\n\n\n\n<li>Homeowners Discount<\/li>\n\n\n\n<li>Alarm Discount<\/li>\n<\/ul>\n<\/div>\n<\/div>\n\n\n\n<p>Si usted desea mas informaci\u00f3n sobre como le podemos ayudar a encontar el m\u00e1s apropiado seguro para su motocicleta, cont\u00e1ctenos hoy.<\/p>","protected":false},"excerpt":{"rendered":"<p>The peace and serenity that comes from touring the Sunshine State on your motorcycle is truly second to none. However, you want to ride with peace of mind knowing you\u2019re properly insured. That\u2019s where Budget Insurance Offices can help. We offer motorcycle insurance to clients throughout the Winter Garden and Orange County area, including clients&#8230;  <a class=\"excerpt-read-more\" href=\"https:\/\/budgetinsurancewintergarden.com\/es\/motorcycle\/\" title=\"Read Motorcycle\">Read more &raquo;<\/a><\/p>","protected":false},"author":1,"featured_media":0,"parent":0,"menu_order":0,"comment_status":"closed","ping_status":"closed","template":"","meta":{"footnotes":""},"class_list":["post-189","page","type-page","status-publish"],"yoast_head":"<!-- This site is optimized with the Yoast SEO plugin v27.4 - https:\/\/yoast.com\/product\/yoast-seo-wordpress\/ -->\n<title>Reliable Motorcycle Insurance &amp; Quotes in Leesburg, FL | Budget Insurance Offices, Inc.<\/title>\n<meta name=\"description\" content=\"Budget Insurance has been providing trusted motorcycle, auto, home, and commercial insurance policies. Get the best protection and value.\" \/>\n<meta name=\"robots\" content=\"index, follow, max-snippet:-1, max-image-preview:large, max-video-preview:-1\" \/>\n<link rel=\"canonical\" href=\"https:\/\/budgetinsurancewintergarden.com\/es\/motorcycle\/\" \/>\n<meta property=\"og:locale\" content=\"es_MX\" \/>\n<meta property=\"og:type\" content=\"article\" \/>\n<meta property=\"og:title\" content=\"Reliable Motorcycle Insurance &amp; Quotes in Leesburg, FL | Budget Insurance Offices, Inc.\" \/>\n<meta property=\"og:description\" content=\"Budget Insurance has been providing trusted motorcycle, auto, home, and commercial insurance policies. Get the best protection and value.\" \/>\n<meta property=\"og:url\" content=\"https:\/\/budgetinsurancewintergarden.com\/es\/motorcycle\/\" \/>\n<meta property=\"og:site_name\" content=\"Budget Insurance Offices, Inc.\" \/>\n<meta property=\"article:modified_time\" content=\"2024-07-17T13:29:39+00:00\" \/>\n<meta name=\"twitter:card\" content=\"summary_large_image\" \/>\n<meta name=\"twitter:label1\" content=\"Tiempo de lectura\" \/>\n\t<meta name=\"twitter:data1\" content=\"2 minutos\" \/>\n<script type=\"application\/ld+json\" class=\"yoast-schema-graph\">{\"@context\":\"https:\\\/\\\/schema.org\",\"@graph\":[{\"@type\":\"WebPage\",\"@id\":\"https:\\\/\\\/budgetinsurancewintergarden.com\\\/motorcycle\\\/\",\"url\":\"https:\\\/\\\/budgetinsurancewintergarden.com\\\/motorcycle\\\/\",\"name\":\"Reliable Motorcycle Insurance & Quotes in Leesburg, FL | Budget Insurance Offices, Inc.\",\"isPartOf\":{\"@id\":\"https:\\\/\\\/budgetinsurancewintergarden.com\\\/#website\"},\"datePublished\":\"2020-05-06T19:54:51+00:00\",\"dateModified\":\"2024-07-17T13:29:39+00:00\",\"description\":\"Budget Insurance has been providing trusted motorcycle, auto, home, and commercial insurance policies. Get the best protection and value.\",\"breadcrumb\":{\"@id\":\"https:\\\/\\\/budgetinsurancewintergarden.com\\\/motorcycle\\\/#breadcrumb\"},\"inLanguage\":\"es\",\"potentialAction\":[{\"@type\":\"ReadAction\",\"target\":[\"https:\\\/\\\/budgetinsurancewintergarden.com\\\/motorcycle\\\/\"]}]},{\"@type\":\"BreadcrumbList\",\"@id\":\"https:\\\/\\\/budgetinsurancewintergarden.com\\\/motorcycle\\\/#breadcrumb\",\"itemListElement\":[{\"@type\":\"ListItem\",\"position\":1,\"name\":\"Home\",\"item\":\"https:\\\/\\\/budgetinsurancewintergarden.com\\\/\"},{\"@type\":\"ListItem\",\"position\":2,\"name\":\"Motorcycle\"}]},{\"@type\":\"WebSite\",\"@id\":\"https:\\\/\\\/budgetinsurancewintergarden.com\\\/#website\",\"url\":\"https:\\\/\\\/budgetinsurancewintergarden.com\\\/\",\"name\":\"Budget Insurance Offices, Inc.\",\"description\":\"\",\"publisher\":{\"@id\":\"https:\\\/\\\/budgetinsurancewintergarden.com\\\/#organization\"},\"potentialAction\":[{\"@type\":\"SearchAction\",\"target\":{\"@type\":\"EntryPoint\",\"urlTemplate\":\"https:\\\/\\\/budgetinsurancewintergarden.com\\\/?s={search_term_string}\"},\"query-input\":{\"@type\":\"PropertyValueSpecification\",\"valueRequired\":true,\"valueName\":\"search_term_string\"}}],\"inLanguage\":\"es\"},{\"@type\":\"Organization\",\"@id\":\"https:\\\/\\\/budgetinsurancewintergarden.com\\\/#organization\",\"name\":\"Budget Insurance Offices, Inc.\",\"url\":\"https:\\\/\\\/budgetinsurancewintergarden.com\\\/\",\"logo\":{\"@type\":\"ImageObject\",\"inLanguage\":\"es\",\"@id\":\"https:\\\/\\\/budgetinsurancewintergarden.com\\\/#\\\/schema\\\/logo\\\/image\\\/\",\"url\":\"https:\\\/\\\/budgetinsurancewintergarden.com\\\/wp-content\\\/uploads\\\/2020\\\/04\\\/Budget-Logo.png\",\"contentUrl\":\"https:\\\/\\\/budgetinsurancewintergarden.com\\\/wp-content\\\/uploads\\\/2020\\\/04\\\/Budget-Logo.png\",\"width\":2278,\"height\":369,\"caption\":\"Budget Insurance Offices, Inc.\"},\"image\":{\"@id\":\"https:\\\/\\\/budgetinsurancewintergarden.com\\\/#\\\/schema\\\/logo\\\/image\\\/\"}}]}<\/script>\n<!-- \/ Yoast SEO plugin. -->","yoast_head_json":{"title":"Cotizaciones De Seguros De Motocicletas En Winter Garden, Florida | Budget Insurance Offices, Inc.","description":"Budget Insurance ha estado proveyendo p\u00f3lizas de seguros confiables para motos, autos, y seguros comerciales. Obtenga la mayor protecci\u00f3n al mejor precio.","robots":{"index":"index","follow":"follow","max-snippet":"max-snippet:-1","max-image-preview":"max-image-preview:large","max-video-preview":"max-video-preview:-1"},"canonical":"https:\/\/budgetinsurancewintergarden.com\/es\/motorcycle\/","og_locale":"es_MX","og_type":"article","og_title":"Reliable Motorcycle Insurance & Quotes in Leesburg, FL | Budget Insurance Offices, Inc.","og_description":"Budget Insurance has been providing trusted motorcycle, auto, home, and commercial insurance policies. Get the best protection and value.","og_url":"https:\/\/budgetinsurancewintergarden.com\/es\/motorcycle\/","og_site_name":"Budget Insurance Offices, Inc.","article_modified_time":"2024-07-17T13:29:39+00:00","twitter_card":"summary_large_image","twitter_misc":{"Tiempo de lectura":"2 minutos"},"schema":{"@context":"https:\/\/schema.org","@graph":[{"@type":"WebPage","@id":"https:\/\/budgetinsurancewintergarden.com\/motorcycle\/","url":"https:\/\/budgetinsurancewintergarden.com\/motorcycle\/","name":"Cotizaciones De Seguros De Motocicletas En Winter Garden, Florida | Budget Insurance Offices, Inc.","isPartOf":{"@id":"https:\/\/budgetinsurancewintergarden.com\/#website"},"datePublished":"2020-05-06T19:54:51+00:00","dateModified":"2024-07-17T13:29:39+00:00","description":"Budget Insurance ha estado proveyendo p\u00f3lizas de seguros confiables para motos, autos, y seguros comerciales. Obtenga la mayor protecci\u00f3n al mejor precio.","breadcrumb":{"@id":"https:\/\/budgetinsurancewintergarden.com\/motorcycle\/#breadcrumb"},"inLanguage":"es","potentialAction":[{"@type":"ReadAction","target":["https:\/\/budgetinsurancewintergarden.com\/motorcycle\/"]}]},{"@type":"BreadcrumbList","@id":"https:\/\/budgetinsurancewintergarden.com\/motorcycle\/#breadcrumb","itemListElement":[{"@type":"ListItem","position":1,"name":"Home","item":"https:\/\/budgetinsurancewintergarden.com\/"},{"@type":"ListItem","position":2,"name":"Motorcycle"}]},{"@type":"WebSite","@id":"https:\/\/budgetinsurancewintergarden.com\/#website","url":"https:\/\/budgetinsurancewintergarden.com\/","name":"Budget Insurance Offices, Inc.","description":"","publisher":{"@id":"https:\/\/budgetinsurancewintergarden.com\/#organization"},"potentialAction":[{"@type":"SearchAction","target":{"@type":"EntryPoint","urlTemplate":"https:\/\/budgetinsurancewintergarden.com\/?s={search_term_string}"},"query-input":{"@type":"PropertyValueSpecification","valueRequired":true,"valueName":"search_term_string"}}],"inLanguage":"es"},{"@type":"Organization","@id":"https:\/\/budgetinsurancewintergarden.com\/#organization","name":"Budget Insurance Offices, Inc.","url":"https:\/\/budgetinsurancewintergarden.com\/","logo":{"@type":"ImageObject","inLanguage":"es","@id":"https:\/\/budgetinsurancewintergarden.com\/#\/schema\/logo\/image\/","url":"https:\/\/budgetinsurancewintergarden.com\/wp-content\/uploads\/2020\/04\/Budget-Logo.png","contentUrl":"https:\/\/budgetinsurancewintergarden.com\/wp-content\/uploads\/2020\/04\/Budget-Logo.png","width":2278,"height":369,"caption":"Budget Insurance Offices, Inc."},"image":{"@id":"https:\/\/budgetinsurancewintergarden.com\/#\/schema\/logo\/image\/"}}]}},"_links":{"self":[{"href":"https:\/\/budgetinsurancewintergarden.com\/es\/wp-json\/wp\/v2\/pages\/189","targetHints":{"allow":["GET"]}}],"collection":[{"href":"https:\/\/budgetinsurancewintergarden.com\/es\/wp-json\/wp\/v2\/pages"}],"about":[{"href":"https:\/\/budgetinsurancewintergarden.com\/es\/wp-json\/wp\/v2\/types\/page"}],"author":[{"embeddable":true,"href":"https:\/\/budgetinsurancewintergarden.com\/es\/wp-json\/wp\/v2\/users\/1"}],"replies":[{"embeddable":true,"href":"https:\/\/budgetinsurancewintergarden.com\/es\/wp-json\/wp\/v2\/comments?post=189"}],"version-history":[{"count":5,"href":"https:\/\/budgetinsurancewintergarden.com\/es\/wp-json\/wp\/v2\/pages\/189\/revisions"}],"predecessor-version":[{"id":730,"href":"https:\/\/budgetinsurancewintergarden.com\/es\/wp-json\/wp\/v2\/pages\/189\/revisions\/730"}],"wp:attachment":[{"href":"https:\/\/budgetinsurancewintergarden.com\/es\/wp-json\/wp\/v2\/media?parent=189"}],"curies":[{"name":"wp","href":"https:\/\/api.w.org\/{rel}","templated":true}]}}