{"id":183,"date":"2020-05-06T19:42:32","date_gmt":"2020-05-06T19:42:32","guid":{"rendered":"https:\/\/budgetinsurancewintergarden.com\/?page_id=183"},"modified":"2024-07-30T10:02:56","modified_gmt":"2024-07-30T10:02:56","slug":"vehicle","status":"publish","type":"page","link":"https:\/\/budgetinsurancewintergarden.com\/es\/vehicle\/","title":{"rendered":"Auto"},"content":{"rendered":"<p>Los especialistas en seguros de Budget Insurance Offices poseen m\u00e1s de 85 a\u00f1os de experiencia combinada en la industria. Por ello, tenemos la experiencia y la tecnolog\u00eda para proveer a nuestros clientes en Winter Garden con los mejores precios de seguros, al alcance de sus bolsillos. Como agentes independientes locales, representamos 12 compa\u00f1\u00edas y ofrecemos un an\u00e1lisis comparativo de sus precios para asegurar a nuestros clientes la cobertura que necesitan, acorde a sus presupuestos.<\/p>\n\n\n\n<p>Hemos construido nuestra reputaci\u00f3n en el \u00e1rea de Winter Garden a partir de nuestra dedicaci\u00f3n a ganar la confianza de nuestros clientes. De hecho, trabajamos con clientes a trav\u00e9s de las \u00e1reas de Winter Garden y el condado Orange, incluyendo aquellos en Ocoee, Clermont, Groveland, Mascotte, Gotha y Orlando. Nuestro equipo provee paquetes de seguros para todo tipo de choferes, incluyendo los que buscan mayor cobertura, choferes j\u00f3venes, aquellos con tickets y accidentes en sus r\u00e9cords y los que necesitan SR-22 y FR-44. De la misma manera, escribimos p\u00f3lizas de seguros para coleccionistas de autos, los que trabajan con Uber o Lyft, o incluso aquellos con veh\u00edculos y equipamiento especial.<\/p>\n\n\n\n<h2 class=\"wp-block-heading\">Podemos acomodar p\u00f3lizas para cubrir lo siguiente<\/h2>\n\n\n\n<div class=\"wp-block-columns is-layout-flex wp-container-core-columns-is-layout-9d6595d7 wp-block-columns-is-layout-flex\">\n<div class=\"wp-block-column is-layout-flow wp-block-column-is-layout-flow\">\n<ul id=\"block-6f7cbe85-f0a9-4e24-973a-46da0a07d5a7\" class=\"wp-block-list\">\n<li>Youthful\/teenage drivers<\/li>\n\n\n\n<li>P\u00f3lizas con SR-22<\/li>\n\n\n\n<li>P\u00f3lizas con FR-44<\/li>\n\n\n\n<li>Bajos millajes<\/li>\n<\/ul>\n<\/div>\n\n\n\n<div class=\"wp-block-column is-layout-flow wp-block-column-is-layout-flow\">\n<ul id=\"block-2aa778ad-f469-499a-8fad-df003eaab831\" class=\"wp-block-list\">\n<li>Licencias de conducci\u00f3n internacionales<\/li>\n\n\n\n<li>Perd\u00f3n de accidentes<\/li>\n\n\n\n<li>Low mileage<\/li>\n\n\n\n<li>Residentes por tiempo  parcial<\/li>\n<\/ul>\n<\/div>\n<\/div>\n\n\n\n<h2 class=\"wp-block-heading\">Su cobertura puede incluir<\/h2>\n\n\n\n<div class=\"wp-block-columns is-layout-flex wp-container-core-columns-is-layout-9d6595d7 wp-block-columns-is-layout-flex\">\n<div class=\"wp-block-column is-layout-flow wp-block-column-is-layout-flow\">\n<ul id=\"block-f6814e97-9852-4294-afa4-74f79239f778\" class=\"wp-block-list\">\n<li>Da\u00f1os m\u00e9dicos a terceros<\/li>\n\n\n\n<li>Da\u00f1os a la propiedad de otros<\/li>\n\n\n\n<li>Protecci\u00f3n contra da\u00f1os personales (PIP)<\/li>\n\n\n\n<li>Protecci\u00f3n contra choferes no asegurados<\/li>\n<\/ul>\n<\/div>\n\n\n\n<div class=\"wp-block-column is-layout-flow wp-block-column-is-layout-flow\">\n<ul id=\"block-90c062f3-65de-4a8e-9d96-807f3558fb6b\" class=\"wp-block-list\">\n<li>Cobertura de gastos m\u00e9dicos<\/li>\n\n\n\n<li>Cobertura por colisi\u00f3n o choque<\/li>\n\n\n\n<li>Cobertura por da\u00f1os a su veh\u00edculo por diversas causas<\/li>\n\n\n\n<li>Coberturas adicionales tales como servicio de grua,\nAyuda con veh\u00edculos rentados y cobertura \u201cgap\u201d<\/li>\n<\/ul>\n<\/div>\n<\/div>\n\n\n\n<p>Sea cual sea su necesidad especifica, le ayudaremos a encontrar el paquete de seguros \u00f3ptimo. Para m\u00e1s informaci\u00f3n, contacte a Budget Insurance.<\/p>","protected":false},"excerpt":{"rendered":"<p>The insurance specialists at Budget Insurance Offices have over 85 years of combined industry experience. As such, we have the expertise and networks to provide our customers in Winter Garden, FL with the best and most affordable auto insurance rates. As local, independent agents, we represent 12 companies and comparison shop for our clients to&#8230;  <a class=\"excerpt-read-more\" href=\"https:\/\/budgetinsurancewintergarden.com\/es\/vehicle\/\" title=\"Read Car\">Read more &raquo;<\/a><\/p>","protected":false},"author":1,"featured_media":0,"parent":0,"menu_order":0,"comment_status":"closed","ping_status":"closed","template":"","meta":{"footnotes":""},"class_list":["post-183","page","type-page","status-publish"],"yoast_head":"<!-- This site is optimized with the Yoast SEO plugin v27.4 - https:\/\/yoast.com\/product\/yoast-seo-wordpress\/ -->\n<title>Auto &amp; Vehicle Insurance Quotes in Winter Garden | Budget Insurance Offices, Inc.<\/title>\n<meta name=\"description\" content=\"Budget Insurance has provided exceptional insurance coverage for auto, home, and commercial needs. Trust our experience and friendly service.\" \/>\n<meta name=\"robots\" content=\"index, follow, max-snippet:-1, max-image-preview:large, max-video-preview:-1\" \/>\n<link rel=\"canonical\" href=\"https:\/\/budgetinsurancewintergarden.com\/es\/vehicle\/\" \/>\n<meta property=\"og:locale\" content=\"es_MX\" \/>\n<meta property=\"og:type\" content=\"article\" \/>\n<meta property=\"og:title\" content=\"Auto &amp; Vehicle Insurance Quotes in Winter Garden | Budget Insurance Offices, Inc.\" \/>\n<meta property=\"og:description\" content=\"Budget Insurance has provided exceptional insurance coverage for auto, home, and commercial needs. Trust our experience and friendly service.\" \/>\n<meta property=\"og:url\" content=\"https:\/\/budgetinsurancewintergarden.com\/es\/vehicle\/\" \/>\n<meta property=\"og:site_name\" content=\"Budget Insurance Offices, Inc.\" \/>\n<meta property=\"article:modified_time\" content=\"2024-07-30T10:02:56+00:00\" \/>\n<meta name=\"twitter:card\" content=\"summary_large_image\" \/>\n<meta name=\"twitter:label1\" content=\"Tiempo de lectura\" \/>\n\t<meta name=\"twitter:data1\" content=\"2 minutos\" \/>\n<script type=\"application\/ld+json\" class=\"yoast-schema-graph\">{\"@context\":\"https:\\\/\\\/schema.org\",\"@graph\":[{\"@type\":\"WebPage\",\"@id\":\"https:\\\/\\\/budgetinsurancewintergarden.com\\\/vehicle\\\/\",\"url\":\"https:\\\/\\\/budgetinsurancewintergarden.com\\\/vehicle\\\/\",\"name\":\"Auto & Vehicle Insurance Quotes in Winter Garden | Budget Insurance Offices, Inc.\",\"isPartOf\":{\"@id\":\"https:\\\/\\\/budgetinsurancewintergarden.com\\\/#website\"},\"datePublished\":\"2020-05-06T19:42:32+00:00\",\"dateModified\":\"2024-07-30T10:02:56+00:00\",\"description\":\"Budget Insurance has provided exceptional insurance coverage for auto, home, and commercial needs. Trust our experience and friendly service.\",\"breadcrumb\":{\"@id\":\"https:\\\/\\\/budgetinsurancewintergarden.com\\\/vehicle\\\/#breadcrumb\"},\"inLanguage\":\"es\",\"potentialAction\":[{\"@type\":\"ReadAction\",\"target\":[\"https:\\\/\\\/budgetinsurancewintergarden.com\\\/vehicle\\\/\"]}]},{\"@type\":\"BreadcrumbList\",\"@id\":\"https:\\\/\\\/budgetinsurancewintergarden.com\\\/vehicle\\\/#breadcrumb\",\"itemListElement\":[{\"@type\":\"ListItem\",\"position\":1,\"name\":\"Home\",\"item\":\"https:\\\/\\\/budgetinsurancewintergarden.com\\\/\"},{\"@type\":\"ListItem\",\"position\":2,\"name\":\"Car\"}]},{\"@type\":\"WebSite\",\"@id\":\"https:\\\/\\\/budgetinsurancewintergarden.com\\\/#website\",\"url\":\"https:\\\/\\\/budgetinsurancewintergarden.com\\\/\",\"name\":\"Budget Insurance Offices, Inc.\",\"description\":\"\",\"publisher\":{\"@id\":\"https:\\\/\\\/budgetinsurancewintergarden.com\\\/#organization\"},\"potentialAction\":[{\"@type\":\"SearchAction\",\"target\":{\"@type\":\"EntryPoint\",\"urlTemplate\":\"https:\\\/\\\/budgetinsurancewintergarden.com\\\/?s={search_term_string}\"},\"query-input\":{\"@type\":\"PropertyValueSpecification\",\"valueRequired\":true,\"valueName\":\"search_term_string\"}}],\"inLanguage\":\"es\"},{\"@type\":\"Organization\",\"@id\":\"https:\\\/\\\/budgetinsurancewintergarden.com\\\/#organization\",\"name\":\"Budget Insurance Offices, Inc.\",\"url\":\"https:\\\/\\\/budgetinsurancewintergarden.com\\\/\",\"logo\":{\"@type\":\"ImageObject\",\"inLanguage\":\"es\",\"@id\":\"https:\\\/\\\/budgetinsurancewintergarden.com\\\/#\\\/schema\\\/logo\\\/image\\\/\",\"url\":\"https:\\\/\\\/budgetinsurancewintergarden.com\\\/wp-content\\\/uploads\\\/2020\\\/04\\\/Budget-Logo.png\",\"contentUrl\":\"https:\\\/\\\/budgetinsurancewintergarden.com\\\/wp-content\\\/uploads\\\/2020\\\/04\\\/Budget-Logo.png\",\"width\":2278,\"height\":369,\"caption\":\"Budget Insurance Offices, Inc.\"},\"image\":{\"@id\":\"https:\\\/\\\/budgetinsurancewintergarden.com\\\/#\\\/schema\\\/logo\\\/image\\\/\"}}]}<\/script>\n<!-- \/ Yoast SEO plugin. -->","yoast_head_json":{"title":"Cotizaciones De Seguros Para Auto Y Otros Vehiculos En Winter Garden, Florida | Budget Insurance Offices, Inc.","description":"Budget Insurance le provee cobertura de seguro excepcional para autos, motos y seguros comerciales. Confie en nuestra experiencia y amigable servicio","robots":{"index":"index","follow":"follow","max-snippet":"max-snippet:-1","max-image-preview":"max-image-preview:large","max-video-preview":"max-video-preview:-1"},"canonical":"https:\/\/budgetinsurancewintergarden.com\/es\/vehicle\/","og_locale":"es_MX","og_type":"article","og_title":"Auto & Vehicle Insurance Quotes in Winter Garden | Budget Insurance Offices, Inc.","og_description":"Budget Insurance has provided exceptional insurance coverage for auto, home, and commercial needs. Trust our experience and friendly service.","og_url":"https:\/\/budgetinsurancewintergarden.com\/es\/vehicle\/","og_site_name":"Budget Insurance Offices, Inc.","article_modified_time":"2024-07-30T10:02:56+00:00","twitter_card":"summary_large_image","twitter_misc":{"Tiempo de lectura":"2 minutos"},"schema":{"@context":"https:\/\/schema.org","@graph":[{"@type":"WebPage","@id":"https:\/\/budgetinsurancewintergarden.com\/vehicle\/","url":"https:\/\/budgetinsurancewintergarden.com\/vehicle\/","name":"Cotizaciones De Seguros Para Auto Y Otros Vehiculos En Winter Garden, Florida | Budget Insurance Offices, Inc.","isPartOf":{"@id":"https:\/\/budgetinsurancewintergarden.com\/#website"},"datePublished":"2020-05-06T19:42:32+00:00","dateModified":"2024-07-30T10:02:56+00:00","description":"Budget Insurance le provee cobertura de seguro excepcional para autos, motos y seguros comerciales. Confie en nuestra experiencia y amigable servicio","breadcrumb":{"@id":"https:\/\/budgetinsurancewintergarden.com\/vehicle\/#breadcrumb"},"inLanguage":"es","potentialAction":[{"@type":"ReadAction","target":["https:\/\/budgetinsurancewintergarden.com\/vehicle\/"]}]},{"@type":"BreadcrumbList","@id":"https:\/\/budgetinsurancewintergarden.com\/vehicle\/#breadcrumb","itemListElement":[{"@type":"ListItem","position":1,"name":"Home","item":"https:\/\/budgetinsurancewintergarden.com\/"},{"@type":"ListItem","position":2,"name":"Car"}]},{"@type":"WebSite","@id":"https:\/\/budgetinsurancewintergarden.com\/#website","url":"https:\/\/budgetinsurancewintergarden.com\/","name":"Budget Insurance Offices, Inc.","description":"","publisher":{"@id":"https:\/\/budgetinsurancewintergarden.com\/#organization"},"potentialAction":[{"@type":"SearchAction","target":{"@type":"EntryPoint","urlTemplate":"https:\/\/budgetinsurancewintergarden.com\/?s={search_term_string}"},"query-input":{"@type":"PropertyValueSpecification","valueRequired":true,"valueName":"search_term_string"}}],"inLanguage":"es"},{"@type":"Organization","@id":"https:\/\/budgetinsurancewintergarden.com\/#organization","name":"Budget Insurance Offices, Inc.","url":"https:\/\/budgetinsurancewintergarden.com\/","logo":{"@type":"ImageObject","inLanguage":"es","@id":"https:\/\/budgetinsurancewintergarden.com\/#\/schema\/logo\/image\/","url":"https:\/\/budgetinsurancewintergarden.com\/wp-content\/uploads\/2020\/04\/Budget-Logo.png","contentUrl":"https:\/\/budgetinsurancewintergarden.com\/wp-content\/uploads\/2020\/04\/Budget-Logo.png","width":2278,"height":369,"caption":"Budget Insurance Offices, Inc."},"image":{"@id":"https:\/\/budgetinsurancewintergarden.com\/#\/schema\/logo\/image\/"}}]}},"_links":{"self":[{"href":"https:\/\/budgetinsurancewintergarden.com\/es\/wp-json\/wp\/v2\/pages\/183","targetHints":{"allow":["GET"]}}],"collection":[{"href":"https:\/\/budgetinsurancewintergarden.com\/es\/wp-json\/wp\/v2\/pages"}],"about":[{"href":"https:\/\/budgetinsurancewintergarden.com\/es\/wp-json\/wp\/v2\/types\/page"}],"author":[{"embeddable":true,"href":"https:\/\/budgetinsurancewintergarden.com\/es\/wp-json\/wp\/v2\/users\/1"}],"replies":[{"embeddable":true,"href":"https:\/\/budgetinsurancewintergarden.com\/es\/wp-json\/wp\/v2\/comments?post=183"}],"version-history":[{"count":11,"href":"https:\/\/budgetinsurancewintergarden.com\/es\/wp-json\/wp\/v2\/pages\/183\/revisions"}],"predecessor-version":[{"id":729,"href":"https:\/\/budgetinsurancewintergarden.com\/es\/wp-json\/wp\/v2\/pages\/183\/revisions\/729"}],"wp:attachment":[{"href":"https:\/\/budgetinsurancewintergarden.com\/es\/wp-json\/wp\/v2\/media?parent=183"}],"curies":[{"name":"wp","href":"https:\/\/api.w.org\/{rel}","templated":true}]}}